{"id":420,"date":"2025-02-25T15:09:53","date_gmt":"2025-02-25T14:09:53","guid":{"rendered":"https:\/\/marinatasias.com\/?page_id=420"},"modified":"2025-02-25T16:03:59","modified_gmt":"2025-02-25T15:03:59","slug":"avis-legal","status":"publish","type":"page","link":"https:\/\/marinatasias.com\/es\/avis-legal\/","title":{"rendered":"Av\u00eds legal"},"content":{"rendered":"<p data-pm-slice=\"1 1 []\"><strong>1. IDENTIFICACI\u00d3 DEL TITULAR DE LA WEB<\/strong> En compliment del que estableix la Llei 34\/2002, d&#8217;11 de juliol, de serveis de la societat de la informaci\u00f3 i de comer\u00e7 electr\u00f2nic (LSSI-CE), s&#8217;informa que:<\/p>\n<ul>\n<li><strong>Titular<\/strong>: Marina Tasias Trull\u00e0s<\/li>\n<li><strong>NIF<\/strong>: 39379297P<\/li>\n<li><strong>Domicili<\/strong>: Carretera de Talamanca, 7, Navarcles, 08270, Espanya<\/li>\n<li><strong>Correu electr\u00f2nic<\/strong>: <a>hola@marinatasias.com<\/a><\/li>\n<li><strong>Web<\/strong>: <a>https:\/\/marinatasias.com\/<\/a><\/li>\n<\/ul>\n<p><strong>2. CONDICIONS D&#8217;\u00daS<\/strong> L&#8217;acc\u00e9s i l&#8217;\u00fas del lloc web <a>https:\/\/marinatasias.com\/<\/a> es regeixen per les presents condicions d&#8217;\u00fas. L&#8217;usuari es compromet a utilitzar la web de forma l\u00edcita i responsable.<\/p>\n<p><strong>3. PROPIETAT INTEL\u00b7LECTUAL I INDUSTRIAL<\/strong> Tots els continguts de la web (textos, imatges, logotips, dissenys, etc.) estan protegits per la normativa vigent en mat\u00e8ria de propietat intel\u00b7lectual i industrial i pertanyen al titular de la web o a tercers autoritzats.<\/p>\n<p><strong>4. RESPONSABILITATS<\/strong> El titular de la web no es fa responsable dels danys derivats d&#8217;un mal \u00fas del lloc web, ni de possibles errors de seguretat.<\/p>\n<p><strong>5. LEGISLACI\u00d3 APLICABLE I JURISDICCI\u00d3<\/strong> Aquest av\u00eds legal es regeix per la legislaci\u00f3 espanyola. Per a qualsevol controv\u00e8rsia que pugui sorgir, les parts es sotmetran als jutjats i tribunals de Manresa, Barcelona.<\/p>","protected":false},"excerpt":{"rendered":"<p>1. IDENTIFICACI\u00d3 DEL TITULAR DE LA WEB En compliment del que estableix la Llei 34\/2002, d&#8217;11 de juliol, de serveis [&hellip;]<\/p>\n","protected":false},"author":1,"featured_media":0,"parent":0,"menu_order":0,"comment_status":"closed","ping_status":"closed","template":"","meta":{"_acf_changed":false,"_seopress_robots_primary_cat":"","_seopress_titles_title":"","_seopress_titles_desc":"","_seopress_robots_index":"","site-sidebar-layout":"default","site-content-layout":"","ast-site-content-layout":"narrow-width-container","site-content-style":"default","site-sidebar-style":"default","ast-global-header-display":"","ast-banner-title-visibility":"","ast-main-header-display":"","ast-hfb-above-header-display":"","ast-hfb-below-header-display":"","ast-hfb-mobile-header-display":"","site-post-title":"","ast-breadcrumbs-content":"","ast-featured-img":"","footer-sml-layout":"","ast-disable-related-posts":"","theme-transparent-header-meta":"default","adv-header-id-meta":"","stick-header-meta":"","header-above-stick-meta":"","header-main-stick-meta":"","header-below-stick-meta":"","astra-migrate-meta-layouts":"set","ast-page-background-enabled":"default","ast-page-background-meta":{"desktop":{"background-color":"var(--ast-global-color-5)","background-image":"","background-repeat":"repeat","background-position":"center center","background-size":"auto","background-attachment":"scroll","background-type":"","background-media":"","overlay-type":"","overlay-color":"","overlay-opacity":"","overlay-gradient":""},"tablet":{"background-color":"","background-image":"","background-repeat":"repeat","background-position":"center center","background-size":"auto","background-attachment":"scroll","background-type":"","background-media":"","overlay-type":"","overlay-color":"","overlay-opacity":"","overlay-gradient":""},"mobile":{"background-color":"","background-image":"","background-repeat":"repeat","background-position":"center center","background-size":"auto","background-attachment":"scroll","background-type":"","background-media":"","overlay-type":"","overlay-color":"","overlay-opacity":"","overlay-gradient":""}},"ast-content-background-meta":{"desktop":{"background-color":"var(--ast-global-color-4)","background-image":"","background-repeat":"repeat","background-position":"center center","background-size":"auto","background-attachment":"scroll","background-type":"","background-media":"","overlay-type":"","overlay-color":"","overlay-opacity":"","overlay-gradient":""},"tablet":{"background-color":"var(--ast-global-color-4)","background-image":"","background-repeat":"repeat","background-position":"center center","background-size":"auto","background-attachment":"scroll","background-type":"","background-media":"","overlay-type":"","overlay-color":"","overlay-opacity":"","overlay-gradient":""},"mobile":{"background-color":"var(--ast-global-color-4)","background-image":"","background-repeat":"repeat","background-position":"center center","background-size":"auto","background-attachment":"scroll","background-type":"","background-media":"","overlay-type":"","overlay-color":"","overlay-opacity":"","overlay-gradient":""}},"footnotes":""},"class_list":["post-420","page","type-page","status-publish","hentry"],"acf":[],"_links":{"self":[{"href":"https:\/\/marinatasias.com\/es\/wp-json\/wp\/v2\/pages\/420","targetHints":{"allow":["GET"]}}],"collection":[{"href":"https:\/\/marinatasias.com\/es\/wp-json\/wp\/v2\/pages"}],"about":[{"href":"https:\/\/marinatasias.com\/es\/wp-json\/wp\/v2\/types\/page"}],"author":[{"embeddable":true,"href":"https:\/\/marinatasias.com\/es\/wp-json\/wp\/v2\/users\/1"}],"replies":[{"embeddable":true,"href":"https:\/\/marinatasias.com\/es\/wp-json\/wp\/v2\/comments?post=420"}],"version-history":[{"count":2,"href":"https:\/\/marinatasias.com\/es\/wp-json\/wp\/v2\/pages\/420\/revisions"}],"predecessor-version":[{"id":422,"href":"https:\/\/marinatasias.com\/es\/wp-json\/wp\/v2\/pages\/420\/revisions\/422"}],"wp:attachment":[{"href":"https:\/\/marinatasias.com\/es\/wp-json\/wp\/v2\/media?parent=420"}],"curies":[{"name":"wp","href":"https:\/\/api.w.org\/{rel}","templated":true}]}}