{"id":418,"date":"2025-02-25T15:09:43","date_gmt":"2025-02-25T14:09:43","guid":{"rendered":"https:\/\/marinatasias.com\/?page_id=418"},"modified":"2025-02-25T16:04:34","modified_gmt":"2025-02-25T15:04:34","slug":"politica-de-privacitat","status":"publish","type":"page","link":"https:\/\/marinatasias.com\/es\/politica-de-privacitat\/","title":{"rendered":"Pol\u00edtica de privacitat"},"content":{"rendered":"<p data-pm-slice=\"1 1 []\"><strong>1. RESPONSABLE DEL TRACTAMENT<\/strong><\/p>\n<ul data-spread=\"false\">\n<li><strong>Titular<\/strong>: Marina Tasias Trull\u00e0s<\/li>\n<li><strong>NIF<\/strong>: 39379297P<\/li>\n<li><strong>Domicili<\/strong>: Carretera de Talamanca, 7, Navarcles, 08270, Espanya<\/li>\n<li><strong>Correu electr\u00f2nic<\/strong>: <a>hola@marinatasias.com<\/a><\/li>\n<\/ul>\n<p><strong>2. FINALITAT DEL TRACTAMENT<\/strong> Les dades personals recollides seran tractades amb la finalitat de:<\/p>\n<ul data-spread=\"false\">\n<li>Gestionar les consultes i comunicacions enviades a trav\u00e9s del lloc web.<\/li>\n<li>Enviar comunicacions comercials, si l&#8217;usuari ha donat el seu consentiment.<\/li>\n<li>Complir amb les obligacions legals.<\/li>\n<\/ul>\n<p><strong>3. BASE LEGAL DEL TRACTAMENT<\/strong> El tractament de les dades personals es basa en el consentiment de l&#8217;usuari i en el compliment d&#8217;obligacions legals.<\/p>\n<p><strong>4. DESTINATARIS DE LES DADES<\/strong> Les dades no seran cedides a tercers, excepte obligaci\u00f3 legal.<\/p>\n<p><strong>5. DRETS DELS USUARIS<\/strong> L&#8217;usuari pot exercir els seus drets d&#8217;acc\u00e9s, rectificaci\u00f3, supressi\u00f3, oposici\u00f3, limitaci\u00f3 i portabilitat de les seves dades enviant un correu a <a>hola@marinatasias.com<\/a>.<\/p>\n<p><strong>6. CONSERVACI\u00d3 DE LES DADES<\/strong> Les dades es conservaran mentre es mantingui la relaci\u00f3 amb l&#8217;usuari i durant els terminis legalment establerts.<\/p>\n<p><strong>7. MESURES DE SEGURETAT<\/strong> El titular de la web adopta les mesures de seguretat necess\u00e0ries per garantir la protecci\u00f3 de les dades personals de l&#8217;usuari.<\/p>\n<p><strong>8. LEGISLACI\u00d3 APLICABLE<\/strong> Aquesta pol\u00edtica de privacitat es regeix per la legislaci\u00f3 espanyola i europea en mat\u00e8ria de protecci\u00f3 de dades.<\/p>\n<p>Si tens qualsevol dubte sobre el tractament de les teves dades, pots contactar amb nosaltres a <a>hola@marinatasias.com<\/a>.<\/p>","protected":false},"excerpt":{"rendered":"<p>1. RESPONSABLE DEL TRACTAMENT Titular: Marina Tasias Trull\u00e0s NIF: 39379297P Domicili: Carretera de Talamanca, 7, Navarcles, 08270, Espanya Correu electr\u00f2nic: [&hellip;]<\/p>\n","protected":false},"author":1,"featured_media":0,"parent":0,"menu_order":0,"comment_status":"closed","ping_status":"closed","template":"","meta":{"_acf_changed":false,"_seopress_robots_primary_cat":"","_seopress_titles_title":"","_seopress_titles_desc":"","_seopress_robots_index":"","site-sidebar-layout":"default","site-content-layout":"","ast-site-content-layout":"narrow-width-container","site-content-style":"default","site-sidebar-style":"default","ast-global-header-display":"","ast-banner-title-visibility":"","ast-main-header-display":"","ast-hfb-above-header-display":"","ast-hfb-below-header-display":"","ast-hfb-mobile-header-display":"","site-post-title":"","ast-breadcrumbs-content":"","ast-featured-img":"","footer-sml-layout":"","ast-disable-related-posts":"","theme-transparent-header-meta":"default","adv-header-id-meta":"","stick-header-meta":"","header-above-stick-meta":"","header-main-stick-meta":"","header-below-stick-meta":"","astra-migrate-meta-layouts":"set","ast-page-background-enabled":"default","ast-page-background-meta":{"desktop":{"background-color":"var(--ast-global-color-5)","background-image":"","background-repeat":"repeat","background-position":"center center","background-size":"auto","background-attachment":"scroll","background-type":"","background-media":"","overlay-type":"","overlay-color":"","overlay-opacity":"","overlay-gradient":""},"tablet":{"background-color":"","background-image":"","background-repeat":"repeat","background-position":"center center","background-size":"auto","background-attachment":"scroll","background-type":"","background-media":"","overlay-type":"","overlay-color":"","overlay-opacity":"","overlay-gradient":""},"mobile":{"background-color":"","background-image":"","background-repeat":"repeat","background-position":"center center","background-size":"auto","background-attachment":"scroll","background-type":"","background-media":"","overlay-type":"","overlay-color":"","overlay-opacity":"","overlay-gradient":""}},"ast-content-background-meta":{"desktop":{"background-color":"var(--ast-global-color-4)","background-image":"","background-repeat":"repeat","background-position":"center center","background-size":"auto","background-attachment":"scroll","background-type":"","background-media":"","overlay-type":"","overlay-color":"","overlay-opacity":"","overlay-gradient":""},"tablet":{"background-color":"var(--ast-global-color-4)","background-image":"","background-repeat":"repeat","background-position":"center center","background-size":"auto","background-attachment":"scroll","background-type":"","background-media":"","overlay-type":"","overlay-color":"","overlay-opacity":"","overlay-gradient":""},"mobile":{"background-color":"var(--ast-global-color-4)","background-image":"","background-repeat":"repeat","background-position":"center center","background-size":"auto","background-attachment":"scroll","background-type":"","background-media":"","overlay-type":"","overlay-color":"","overlay-opacity":"","overlay-gradient":""}},"footnotes":""},"class_list":["post-418","page","type-page","status-publish","hentry"],"acf":[],"_links":{"self":[{"href":"https:\/\/marinatasias.com\/es\/wp-json\/wp\/v2\/pages\/418","targetHints":{"allow":["GET"]}}],"collection":[{"href":"https:\/\/marinatasias.com\/es\/wp-json\/wp\/v2\/pages"}],"about":[{"href":"https:\/\/marinatasias.com\/es\/wp-json\/wp\/v2\/types\/page"}],"author":[{"embeddable":true,"href":"https:\/\/marinatasias.com\/es\/wp-json\/wp\/v2\/users\/1"}],"replies":[{"embeddable":true,"href":"https:\/\/marinatasias.com\/es\/wp-json\/wp\/v2\/comments?post=418"}],"version-history":[{"count":2,"href":"https:\/\/marinatasias.com\/es\/wp-json\/wp\/v2\/pages\/418\/revisions"}],"predecessor-version":[{"id":423,"href":"https:\/\/marinatasias.com\/es\/wp-json\/wp\/v2\/pages\/418\/revisions\/423"}],"wp:attachment":[{"href":"https:\/\/marinatasias.com\/es\/wp-json\/wp\/v2\/media?parent=418"}],"curies":[{"name":"wp","href":"https:\/\/api.w.org\/{rel}","templated":true}]}}