{"id":282,"date":"2025-02-07T11:14:46","date_gmt":"2025-02-07T10:14:46","guid":{"rendered":"https:\/\/dev.pik.cat\/marinatasias\/?page_id=282"},"modified":"2025-02-11T11:32:04","modified_gmt":"2025-02-11T10:32:04","slug":"producte","status":"publish","type":"page","link":"https:\/\/marinatasias.com\/es\/producte\/","title":{"rendered":"Producte"},"content":{"rendered":"\t\t<div data-elementor-type=\"wp-page\" data-elementor-id=\"282\" class=\"elementor elementor-282\" data-elementor-post-type=\"page\">\n\t\t\t\t<div class=\"elementor-element elementor-element-8c91f1b e-flex e-con-boxed e-con e-parent\" data-id=\"8c91f1b\" data-element_type=\"container\" data-e-type=\"container\">\n\t\t\t\t\t<div class=\"e-con-inner\">\n\t\t<div class=\"elementor-element elementor-element-dc2b72c e-con-full e-flex e-con e-child\" data-id=\"dc2b72c\" data-element_type=\"container\" data-e-type=\"container\">\n\t\t\t\t<div class=\"elementor-element elementor-element-07b644a elementor-widget elementor-widget-heading\" data-id=\"07b644a\" data-element_type=\"widget\" data-e-type=\"widget\" data-widget_type=\"heading.default\">\n\t\t\t\t<div class=\"elementor-widget-container\">\n\t\t\t\t\t<h1 class=\"elementor-heading-title elementor-size-default\">Producte<\/h1>\t\t\t\t<\/div>\n\t\t\t\t<\/div>\n\t\t\t\t<div class=\"elementor-element elementor-element-a38f9cf elementor-widget elementor-widget-heading\" data-id=\"a38f9cf\" data-element_type=\"widget\" data-e-type=\"widget\" data-widget_type=\"heading.default\">\n\t\t\t\t<div class=\"elementor-widget-container\">\n\t\t\t\t\t<h2 class=\"elementor-heading-title elementor-size-default\">Elevant el teu producte amb imatges impactants.\n\n<\/h2>\t\t\t\t<\/div>\n\t\t\t\t<\/div>\n\t\t\t\t<div class=\"elementor-element elementor-element-6f154b9 elementor-widget elementor-widget-text-editor\" data-id=\"6f154b9\" data-element_type=\"widget\" data-e-type=\"widget\" data-widget_type=\"text-editor.default\">\n\t\t\t\t<div class=\"elementor-widget-container\">\n\t\t\t\t\t\t\t\t\tLa presentaci\u00f3 del producte \u00e9s clau per captar l\u2019atenci\u00f3. Els renders de packaging ofereixen imatges realistes i detallades del disseny abans de produir-lo, connectant amb el p\u00fablic objectiu i elevant la percepci\u00f3 del producte.\t\t\t\t\t\t\t\t<\/div>\n\t\t\t\t<\/div>\n\t\t\t\t<\/div>\n\t\t<div class=\"elementor-element elementor-element-a247d2d e-con-full e-flex e-con e-child\" data-id=\"a247d2d\" data-element_type=\"container\" data-e-type=\"container\">\n\t\t\t\t<div class=\"elementor-element elementor-element-4ca9550 elementor-widget elementor-widget-image\" data-id=\"4ca9550\" data-element_type=\"widget\" data-e-type=\"widget\" data-widget_type=\"image.default\">\n\t\t\t\t<div class=\"elementor-widget-container\">\n\t\t\t\t\t\t\t\t\t\t\t\t\t\t\t<img fetchpriority=\"high\" decoding=\"async\" width=\"706\" height=\"698\" src=\"https:\/\/marinatasias.com\/wp-content\/uploads\/2025\/01\/Captura-de-pantalla-2024-10-22-a-les-13.24.34.png\" class=\"attachment-full size-full wp-image-205\" alt=\"Renders 3D Producte\" srcset=\"https:\/\/marinatasias.com\/wp-content\/uploads\/2025\/01\/Captura-de-pantalla-2024-10-22-a-les-13.24.34.png 706w, https:\/\/marinatasias.com\/wp-content\/uploads\/2025\/01\/Captura-de-pantalla-2024-10-22-a-les-13.24.34-300x297.png 300w\" sizes=\"(max-width: 706px) 100vw, 706px\" \/>\t\t\t\t\t\t\t\t\t\t\t\t\t\t\t<\/div>\n\t\t\t\t<\/div>\n\t\t\t\t<\/div>\n\t\t\t\t\t<\/div>\n\t\t\t\t<\/div>\n\t\t<div class=\"elementor-element elementor-element-99e3d12 e-flex e-con-boxed e-con e-parent\" data-id=\"99e3d12\" data-element_type=\"container\" data-e-type=\"container\">\n\t\t\t\t\t<div class=\"e-con-inner\">\n\t\t<div class=\"elementor-element elementor-element-142640d e-con-full e-flex e-con e-child\" data-id=\"142640d\" data-element_type=\"container\" data-e-type=\"container\">\n\t\t\t\t<div class=\"elementor-element elementor-element-6cedc1c elementor-widget elementor-widget-image\" data-id=\"6cedc1c\" data-element_type=\"widget\" data-e-type=\"widget\" data-widget_type=\"image.default\">\n\t\t\t\t<div class=\"elementor-widget-container\">\n\t\t\t\t\t\t\t\t\t\t\t\t\t\t\t<img decoding=\"async\" width=\"822\" height=\"938\" src=\"https:\/\/marinatasias.com\/wp-content\/uploads\/2025\/01\/Captura-de-pantalla-2024-10-22-a-les-13.24.46-1.png\" class=\"attachment-full size-full wp-image-209\" alt=\"Renders 3D Producte\" srcset=\"https:\/\/marinatasias.com\/wp-content\/uploads\/2025\/01\/Captura-de-pantalla-2024-10-22-a-les-13.24.46-1.png 822w, https:\/\/marinatasias.com\/wp-content\/uploads\/2025\/01\/Captura-de-pantalla-2024-10-22-a-les-13.24.46-1-263x300.png 263w, https:\/\/marinatasias.com\/wp-content\/uploads\/2025\/01\/Captura-de-pantalla-2024-10-22-a-les-13.24.46-1-768x876.png 768w\" sizes=\"(max-width: 822px) 100vw, 822px\" \/>\t\t\t\t\t\t\t\t\t\t\t\t\t\t\t<\/div>\n\t\t\t\t<\/div>\n\t\t\t\t<\/div>\n\t\t<div class=\"elementor-element elementor-element-a9dd59a e-con-full e-flex e-con e-child\" data-id=\"a9dd59a\" data-element_type=\"container\" data-e-type=\"container\">\n\t\t<div class=\"elementor-element elementor-element-700d176 e-con-full e-flex e-con e-child\" data-id=\"700d176\" data-element_type=\"container\" data-e-type=\"container\">\n\t\t<div class=\"elementor-element elementor-element-856cc6b e-con-full e-flex e-con e-child\" data-id=\"856cc6b\" data-element_type=\"container\" data-e-type=\"container\">\n\t\t\t\t<div class=\"elementor-element elementor-element-61b4a08 elementor-widget elementor-widget-image\" data-id=\"61b4a08\" data-element_type=\"widget\" data-e-type=\"widget\" data-widget_type=\"image.default\">\n\t\t\t\t<div class=\"elementor-widget-container\">\n\t\t\t\t\t\t\t\t\t\t\t\t\t\t\t<img decoding=\"async\" width=\"3911\" height=\"2200\" src=\"https:\/\/marinatasias.com\/wp-content\/uploads\/2025\/01\/Expositor_bubbles.png\" class=\"attachment-full size-full wp-image-212\" alt=\"Renders 3D Producte\" srcset=\"https:\/\/marinatasias.com\/wp-content\/uploads\/2025\/01\/Expositor_bubbles.png 3911w, https:\/\/marinatasias.com\/wp-content\/uploads\/2025\/01\/Expositor_bubbles-300x169.png 300w, https:\/\/marinatasias.com\/wp-content\/uploads\/2025\/01\/Expositor_bubbles-1024x576.png 1024w, https:\/\/marinatasias.com\/wp-content\/uploads\/2025\/01\/Expositor_bubbles-768x432.png 768w, https:\/\/marinatasias.com\/wp-content\/uploads\/2025\/01\/Expositor_bubbles-1536x864.png 1536w, https:\/\/marinatasias.com\/wp-content\/uploads\/2025\/01\/Expositor_bubbles-2048x1152.png 2048w\" sizes=\"(max-width: 3911px) 100vw, 3911px\" \/>\t\t\t\t\t\t\t\t\t\t\t\t\t\t\t<\/div>\n\t\t\t\t<\/div>\n\t\t\t\t<\/div>\n\t\t<div class=\"elementor-element elementor-element-e5d1a07 e-con-full e-flex e-con e-child\" data-id=\"e5d1a07\" data-element_type=\"container\" data-e-type=\"container\">\n\t\t\t\t<div class=\"elementor-element elementor-element-57c2a9a elementor-widget elementor-widget-image\" data-id=\"57c2a9a\" data-element_type=\"widget\" data-e-type=\"widget\" data-widget_type=\"image.default\">\n\t\t\t\t<div class=\"elementor-widget-container\">\n\t\t\t\t\t\t\t\t\t\t\t\t\t\t\t<img loading=\"lazy\" decoding=\"async\" width=\"930\" height=\"922\" src=\"https:\/\/marinatasias.com\/wp-content\/uploads\/2025\/01\/Captura-de-pantalla-2024-10-22-a-les-13.24.23.png\" class=\"attachment-full size-full wp-image-210\" alt=\"Renders 3D Producte\" srcset=\"https:\/\/marinatasias.com\/wp-content\/uploads\/2025\/01\/Captura-de-pantalla-2024-10-22-a-les-13.24.23.png 930w, https:\/\/marinatasias.com\/wp-content\/uploads\/2025\/01\/Captura-de-pantalla-2024-10-22-a-les-13.24.23-300x297.png 300w, https:\/\/marinatasias.com\/wp-content\/uploads\/2025\/01\/Captura-de-pantalla-2024-10-22-a-les-13.24.23-150x150.png 150w, https:\/\/marinatasias.com\/wp-content\/uploads\/2025\/01\/Captura-de-pantalla-2024-10-22-a-les-13.24.23-768x761.png 768w\" sizes=\"(max-width: 930px) 100vw, 930px\" \/>\t\t\t\t\t\t\t\t\t\t\t\t\t\t\t<\/div>\n\t\t\t\t<\/div>\n\t\t\t\t<\/div>\n\t\t\t\t<\/div>\n\t\t<div class=\"elementor-element elementor-element-56563dc e-con-full e-flex e-con e-child\" data-id=\"56563dc\" data-element_type=\"container\" data-e-type=\"container\">\n\t\t\t\t<div class=\"elementor-element elementor-element-abe8395 elementor-widget elementor-widget-image\" data-id=\"abe8395\" data-element_type=\"widget\" data-e-type=\"widget\" data-widget_type=\"image.default\">\n\t\t\t\t<div class=\"elementor-widget-container\">\n\t\t\t\t\t\t\t\t\t\t\t\t\t\t\t<img loading=\"lazy\" decoding=\"async\" width=\"928\" height=\"604\" src=\"https:\/\/marinatasias.com\/wp-content\/uploads\/2025\/01\/Captura-de-pantalla-2024-10-22-a-les-13.25.26.png\" class=\"attachment-large size-large wp-image-211\" alt=\"Renders 3D Producte\" srcset=\"https:\/\/marinatasias.com\/wp-content\/uploads\/2025\/01\/Captura-de-pantalla-2024-10-22-a-les-13.25.26.png 928w, https:\/\/marinatasias.com\/wp-content\/uploads\/2025\/01\/Captura-de-pantalla-2024-10-22-a-les-13.25.26-300x195.png 300w, https:\/\/marinatasias.com\/wp-content\/uploads\/2025\/01\/Captura-de-pantalla-2024-10-22-a-les-13.25.26-768x500.png 768w\" sizes=\"(max-width: 928px) 100vw, 928px\" \/>\t\t\t\t\t\t\t\t\t\t\t\t\t\t\t<\/div>\n\t\t\t\t<\/div>\n\t\t\t\t<\/div>\n\t\t\t\t<\/div>\n\t\t\t\t\t<\/div>\n\t\t\t\t<\/div>\n\t\t<div class=\"elementor-element elementor-element-e9ded4b e-flex e-con-boxed e-con e-parent\" data-id=\"e9ded4b\" data-element_type=\"container\" data-e-type=\"container\" data-settings=\"{&quot;background_background&quot;:&quot;classic&quot;}\">\n\t\t\t\t\t<div class=\"e-con-inner\">\n\t\t<div class=\"elementor-element elementor-element-224261a e-flex e-con-boxed e-con e-child\" data-id=\"224261a\" data-element_type=\"container\" data-e-type=\"container\" data-settings=\"{&quot;background_background&quot;:&quot;classic&quot;}\">\n\t\t\t\t\t<div class=\"e-con-inner\">\n\t\t<div class=\"elementor-element elementor-element-e272905 e-con-full e-flex e-con e-child\" data-id=\"e272905\" data-element_type=\"container\" data-e-type=\"container\">\n\t\t\t\t<div class=\"elementor-element elementor-element-ec831c5 elementor-widget elementor-widget-heading\" data-id=\"ec831c5\" data-element_type=\"widget\" data-e-type=\"widget\" data-widget_type=\"heading.default\">\n\t\t\t\t<div class=\"elementor-widget-container\">\n\t\t\t\t\t<h1 class=\"elementor-heading-title elementor-size-default\">Escriu-me i parlem<\/h1>\t\t\t\t<\/div>\n\t\t\t\t<\/div>\n\t\t\t\t<div class=\"elementor-element elementor-element-c727b79 elementor-widget elementor-widget-text-editor\" data-id=\"c727b79\" data-element_type=\"widget\" data-e-type=\"widget\" data-widget_type=\"text-editor.default\">\n\t\t\t\t<div class=\"elementor-widget-container\">\n\t\t\t\t\t\t\t\t\t<p>Explica&#8217;m qu\u00e8 vols visualitzar en el teu projecte.<br \/>Quins detalls vols destacar? Com t&#8217;imagines el resultat?<\/p><p>Estar\u00e9 encantada de con\u00e8ixer el teu projecte i ajudar-te a fer-lo realitat!<br \/><span style=\"color: #646363;\"><a style=\"color: #646363; text-decoration: none;\" href=\"mailto:hola@marinatasias.com\"><strong>hola@marinatasias.com<\/strong><\/a><\/span><\/p>\t\t\t\t\t\t\t\t<\/div>\n\t\t\t\t<\/div>\n\t\t\t\t<\/div>\n\t\t<div class=\"elementor-element elementor-element-c0f2f3d e-con-full e-flex e-con e-child\" data-id=\"c0f2f3d\" data-element_type=\"container\" data-e-type=\"container\">\n\t\t\t\t<div class=\"elementor-element elementor-element-b5ba63e elementor-button-align-start elementor-widget elementor-widget-global elementor-global-372 elementor-widget-form\" data-id=\"b5ba63e\" data-element_type=\"widget\" data-e-type=\"widget\" data-settings=\"{&quot;step_next_label&quot;:&quot;Siguiente&quot;,&quot;step_previous_label&quot;:&quot;Anterior&quot;,&quot;button_width&quot;:&quot;100&quot;,&quot;step_type&quot;:&quot;number_text&quot;,&quot;step_icon_shape&quot;:&quot;circle&quot;}\" data-widget_type=\"form.default\">\n\t\t\t\t<div class=\"elementor-widget-container\">\n\t\t\t\t\t\t\t<form class=\"elementor-form\" method=\"post\" name=\"Contacte\" aria-label=\"Contacte\">\n\t\t\t<input type=\"hidden\" name=\"post_id\" value=\"282\"\/>\n\t\t\t<input type=\"hidden\" name=\"form_id\" value=\"b5ba63e\"\/>\n\t\t\t<input type=\"hidden\" name=\"referer_title\" value=\"\" \/>\n\n\t\t\t\n\t\t\t<div class=\"elementor-form-fields-wrapper elementor-labels-\">\n\t\t\t\t\t\t\t\t<div class=\"elementor-field-type-text elementor-field-group elementor-column elementor-field-group-field_9a75004 elementor-col-100\">\n\t\t\t\t\t\t\t\t\t\t\t\t<label for=\"form-field-field_9a75004\" class=\"elementor-field-label elementor-screen-only\">\n\t\t\t\t\t\t\t\tEmpresa\t\t\t\t\t\t\t<\/label>\n\t\t\t\t\t\t\t\t\t\t\t\t\t\t<input size=\"1\" type=\"text\" name=\"form_fields[field_9a75004]\" id=\"form-field-field_9a75004\" class=\"elementor-field elementor-size-sm  elementor-field-textual\" placeholder=\"Empresa\">\n\t\t\t\t\t\t\t\t\t\t\t<\/div>\n\t\t\t\t\t\t\t\t<div class=\"elementor-field-type-text elementor-field-group elementor-column elementor-field-group-field_94c266a elementor-col-100 elementor-field-required\">\n\t\t\t\t\t\t\t\t\t\t\t\t<label for=\"form-field-field_94c266a\" class=\"elementor-field-label elementor-screen-only\">\n\t\t\t\t\t\t\t\tNom i cognoms\t\t\t\t\t\t\t<\/label>\n\t\t\t\t\t\t\t\t\t\t\t\t\t\t<input size=\"1\" type=\"text\" name=\"form_fields[field_94c266a]\" id=\"form-field-field_94c266a\" class=\"elementor-field elementor-size-sm  elementor-field-textual\" placeholder=\"Nom i cognoms\" required=\"required\">\n\t\t\t\t\t\t\t\t\t\t\t<\/div>\n\t\t\t\t\t\t\t\t<div class=\"elementor-field-type-email elementor-field-group elementor-column elementor-field-group-field_8474011 elementor-col-100 elementor-field-required\">\n\t\t\t\t\t\t\t\t\t\t\t\t<label for=\"form-field-field_8474011\" class=\"elementor-field-label elementor-screen-only\">\n\t\t\t\t\t\t\t\tE-mail\t\t\t\t\t\t\t<\/label>\n\t\t\t\t\t\t\t\t\t\t\t\t\t\t<input size=\"1\" type=\"email\" name=\"form_fields[field_8474011]\" id=\"form-field-field_8474011\" class=\"elementor-field elementor-size-sm  elementor-field-textual\" placeholder=\"E-mail\" required=\"required\">\n\t\t\t\t\t\t\t\t\t\t\t<\/div>\n\t\t\t\t\t\t\t\t<div class=\"elementor-field-type-tel elementor-field-group elementor-column elementor-field-group-field_c28379a elementor-col-100 elementor-field-required\">\n\t\t\t\t\t\t\t\t\t\t\t\t<label for=\"form-field-field_c28379a\" class=\"elementor-field-label elementor-screen-only\">\n\t\t\t\t\t\t\t\tTel\u00e8fon\t\t\t\t\t\t\t<\/label>\n\t\t\t\t\t\t\t\t<input size=\"1\" type=\"tel\" name=\"form_fields[field_c28379a]\" id=\"form-field-field_c28379a\" class=\"elementor-field elementor-size-sm  elementor-field-textual\" placeholder=\"Tel\u00e8fon\" required=\"required\" pattern=\"[0-9()#&amp;+*-=.]+\" title=\"Solo se aceptan n\u00fameros y caracteres de tel\u00e9fono (#,-,*,etc).\">\n\n\t\t\t\t\t\t<\/div>\n\t\t\t\t\t\t\t\t<div class=\"elementor-field-type-textarea elementor-field-group elementor-column elementor-field-group-field_0be9bc9 elementor-col-100\">\n\t\t\t\t\t\t\t\t\t\t\t\t<label for=\"form-field-field_0be9bc9\" class=\"elementor-field-label elementor-screen-only\">\n\t\t\t\t\t\t\t\tMissatge\t\t\t\t\t\t\t<\/label>\n\t\t\t\t\t\t<textarea class=\"elementor-field-textual elementor-field  elementor-size-sm\" name=\"form_fields[field_0be9bc9]\" id=\"form-field-field_0be9bc9\" rows=\"3\" placeholder=\"Missatge\"><\/textarea>\t\t\t\t<\/div>\n\t\t\t\t\t\t\t\t<div class=\"elementor-field-type-acceptance elementor-field-group elementor-column elementor-field-group-field_7a34056 elementor-col-100 elementor-field-required\">\n\t\t\t\t\t\t\t\t\t\t\t\t<label for=\"form-field-field_7a34056\" class=\"elementor-field-label elementor-screen-only\">\n\t\t\t\t\t\t\t\tAccepto la pol\u00edtica de privadesa.\t\t\t\t\t\t\t<\/label>\n\t\t\t\t\t\t\t\t<div class=\"elementor-field-subgroup\">\n\t\t\t<span class=\"elementor-field-option\">\n\t\t\t\t<input type=\"checkbox\" name=\"form_fields[field_7a34056]\" id=\"form-field-field_7a34056\" class=\"elementor-field elementor-size-sm  elementor-acceptance-field\" required=\"required\">\n\t\t\t\t<label for=\"form-field-field_7a34056\">Accepto la pol\u00edtica de privadesa.<\/label>\t\t\t<\/span>\n\t\t<\/div>\n\t\t\t\t\t\t<\/div>\n\t\t\t\t\t\t\t\t<div class=\"elementor-field-type-recaptcha_v3 elementor-field-group elementor-column elementor-field-group-field_1f670c1 elementor-col-100 recaptcha_v3-inline\">\n\t\t\t\t\t<div class=\"elementor-field\" id=\"form-field-field_1f670c1\"><div class=\"elementor-g-recaptcha\" data-sitekey=\"6Ld1bswrAAAAAKb5Vo9BfSqQ9gsGwl4GqCny6wdc\" data-type=\"v3\" data-action=\"Form\" data-badge=\"inline\" data-size=\"invisible\"><\/div><\/div>\t\t\t\t<\/div>\n\t\t\t\t\t\t\t\t<div class=\"elementor-field-group elementor-column elementor-field-type-submit elementor-col-100 e-form__buttons\">\n\t\t\t\t\t<button class=\"elementor-button elementor-size-sm\" type=\"submit\">\n\t\t\t\t\t\t<span class=\"elementor-button-content-wrapper\">\n\t\t\t\t\t\t\t\t\t\t\t\t\t\t\t\t\t\t\t\t\t\t<span class=\"elementor-button-text\">Enviar<\/span>\n\t\t\t\t\t\t\t\t\t\t\t\t\t<\/span>\n\t\t\t\t\t<\/button>\n\t\t\t\t<\/div>\n\t\t\t<\/div>\n\t\t<\/form>\n\t\t\t\t\t\t<\/div>\n\t\t\t\t<\/div>\n\t\t\t\t<\/div>\n\t\t\t\t\t<\/div>\n\t\t\t\t<\/div>\n\t\t\t\t\t<\/div>\n\t\t\t\t<\/div>\n\t\t\t\t<\/div>\n\t\t","protected":false},"excerpt":{"rendered":"<p>Producte Elevant el teu producte amb imatges impactants. La presentaci\u00f3 del producte \u00e9s clau per captar l\u2019atenci\u00f3. Els renders de [&hellip;]<\/p>\n","protected":false},"author":1,"featured_media":0,"parent":0,"menu_order":0,"comment_status":"closed","ping_status":"closed","template":"","meta":{"_acf_changed":false,"_seopress_robots_primary_cat":"","_seopress_titles_title":"","_seopress_titles_desc":"","_seopress_robots_index":"","site-sidebar-layout":"no-sidebar","site-content-layout":"","ast-site-content-layout":"full-width-container","site-content-style":"default","site-sidebar-style":"default","ast-global-header-display":"","ast-banner-title-visibility":"","ast-main-header-display":"","ast-hfb-above-header-display":"","ast-hfb-below-header-display":"","ast-hfb-mobile-header-display":"","site-post-title":"disabled","ast-breadcrumbs-content":"","ast-featured-img":"disabled","footer-sml-layout":"","ast-disable-related-posts":"","theme-transparent-header-meta":"default","adv-header-id-meta":"","stick-header-meta":"","header-above-stick-meta":"","header-main-stick-meta":"","header-below-stick-meta":"","astra-migrate-meta-layouts":"set","ast-page-background-enabled":"default","ast-page-background-meta":{"desktop":{"background-color":"var(--ast-global-color-5)","background-image":"","background-repeat":"repeat","background-position":"center center","background-size":"auto","background-attachment":"scroll","background-type":"","background-media":"","overlay-type":"","overlay-color":"","overlay-opacity":"","overlay-gradient":""},"tablet":{"background-color":"","background-image":"","background-repeat":"repeat","background-position":"center center","background-size":"auto","background-attachment":"scroll","background-type":"","background-media":"","overlay-type":"","overlay-color":"","overlay-opacity":"","overlay-gradient":""},"mobile":{"background-color":"","background-image":"","background-repeat":"repeat","background-position":"center center","background-size":"auto","background-attachment":"scroll","background-type":"","background-media":"","overlay-type":"","overlay-color":"","overlay-opacity":"","overlay-gradient":""}},"ast-content-background-meta":{"desktop":{"background-color":"var(--ast-global-color-4)","background-image":"","background-repeat":"repeat","background-position":"center center","background-size":"auto","background-attachment":"scroll","background-type":"","background-media":"","overlay-type":"","overlay-color":"","overlay-opacity":"","overlay-gradient":""},"tablet":{"background-color":"var(--ast-global-color-4)","background-image":"","background-repeat":"repeat","background-position":"center center","background-size":"auto","background-attachment":"scroll","background-type":"","background-media":"","overlay-type":"","overlay-color":"","overlay-opacity":"","overlay-gradient":""},"mobile":{"background-color":"var(--ast-global-color-4)","background-image":"","background-repeat":"repeat","background-position":"center center","background-size":"auto","background-attachment":"scroll","background-type":"","background-media":"","overlay-type":"","overlay-color":"","overlay-opacity":"","overlay-gradient":""}},"footnotes":""},"class_list":["post-282","page","type-page","status-publish","hentry"],"acf":[],"_links":{"self":[{"href":"https:\/\/marinatasias.com\/es\/wp-json\/wp\/v2\/pages\/282","targetHints":{"allow":["GET"]}}],"collection":[{"href":"https:\/\/marinatasias.com\/es\/wp-json\/wp\/v2\/pages"}],"about":[{"href":"https:\/\/marinatasias.com\/es\/wp-json\/wp\/v2\/types\/page"}],"author":[{"embeddable":true,"href":"https:\/\/marinatasias.com\/es\/wp-json\/wp\/v2\/users\/1"}],"replies":[{"embeddable":true,"href":"https:\/\/marinatasias.com\/es\/wp-json\/wp\/v2\/comments?post=282"}],"version-history":[{"count":10,"href":"https:\/\/marinatasias.com\/es\/wp-json\/wp\/v2\/pages\/282\/revisions"}],"predecessor-version":[{"id":386,"href":"https:\/\/marinatasias.com\/es\/wp-json\/wp\/v2\/pages\/282\/revisions\/386"}],"wp:attachment":[{"href":"https:\/\/marinatasias.com\/es\/wp-json\/wp\/v2\/media?parent=282"}],"curies":[{"name":"wp","href":"https:\/\/api.w.org\/{rel}","templated":true}]}}